{"id":10304,"date":"2022-10-30T21:36:28","date_gmt":"2022-10-31T00:36:28","guid":{"rendered":"https:\/\/vincula.com.br\/loja\/?post_type=product&#038;p=10304"},"modified":"2024-08-02T08:54:08","modified_gmt":"2024-08-02T11:54:08","slug":"chave-introdutora-para-parafuso-de-interferencia","status":"publish","type":"product","link":"https:\/\/vincula.com.br\/loja\/product\/chave-introdutora-para-parafuso-de-interferencia\/","title":{"rendered":"Chave Introdutora para Parafuso de Interfer\u00eancia"},"content":{"rendered":"<p>Indicada para introdu\u00e7\u00e3o dos parafusos de interfer\u00eancia em PEEK, \u00e9 fabricada em A\u00e7o inox com alta resist\u00eancia ao desgaste e o encaixe c\u00f4nico com o parafuso permite maior dissipa\u00e7\u00e3o das for\u00e7as de torque aplicadas na introdu\u00e7\u00e3o.<\/p>\n<p><strong>Caracter\u00edsticas &amp; Especifica\u00e7\u00f5es:<\/strong><\/p>\n<p><strong>&#8211; Ref:<\/strong><\/p>\n<table width=\"537\">\n<tbody>\n<tr>\n<td width=\"95\">02.01.2200016<\/td>\n<td width=\"443\">Chave Introdutora para Parafuso de Interfer\u00eancia<\/td>\n<\/tr>\n<\/tbody>\n<\/table>\n<p>&#8211; Haste da Chave confeccionada em A\u00e7o Inox;<br \/>\n&#8211; Cabo man\u00edpulo fabricado em Polipropileno.<\/p>\n<p>Material N\u00e3o Est\u00e9ril<\/p>\n","protected":false},"excerpt":{"rendered":"<p>Chave Introdutora para Parafuso de Interfer\u00eancia<br \/>\nIndicada para introdu\u00e7\u00e3o dos parafusos de interfer\u00eancia em PEEK<\/p>\n","protected":false},"featured_media":9697,"template":"","meta":{"_acf_changed":false},"product_brand":[],"product_cat":[85,91],"product_tag":[],"class_list":{"0":"post-10304","1":"product","2":"type-product","3":"status-publish","4":"has-post-thumbnail","6":"product_cat-chave","7":"product_cat-medicina-esportiva","9":"first","10":"outofstock","11":"shipping-taxable","12":"purchasable","13":"product-type-simple"},"acf":[],"_links":{"self":[{"href":"https:\/\/vincula.com.br\/loja\/wp-json\/wp\/v2\/product\/10304","targetHints":{"allow":["GET"]}}],"collection":[{"href":"https:\/\/vincula.com.br\/loja\/wp-json\/wp\/v2\/product"}],"about":[{"href":"https:\/\/vincula.com.br\/loja\/wp-json\/wp\/v2\/types\/product"}],"version-history":[{"count":4,"href":"https:\/\/vincula.com.br\/loja\/wp-json\/wp\/v2\/product\/10304\/revisions"}],"predecessor-version":[{"id":10903,"href":"https:\/\/vincula.com.br\/loja\/wp-json\/wp\/v2\/product\/10304\/revisions\/10903"}],"wp:featuredmedia":[{"embeddable":true,"href":"https:\/\/vincula.com.br\/loja\/wp-json\/wp\/v2\/media\/9697"}],"wp:attachment":[{"href":"https:\/\/vincula.com.br\/loja\/wp-json\/wp\/v2\/media?parent=10304"}],"wp:term":[{"taxonomy":"product_brand","embeddable":true,"href":"https:\/\/vincula.com.br\/loja\/wp-json\/wp\/v2\/product_brand?post=10304"},{"taxonomy":"product_cat","embeddable":true,"href":"https:\/\/vincula.com.br\/loja\/wp-json\/wp\/v2\/product_cat?post=10304"},{"taxonomy":"product_tag","embeddable":true,"href":"https:\/\/vincula.com.br\/loja\/wp-json\/wp\/v2\/product_tag?post=10304"}],"curies":[{"name":"wp","href":"https:\/\/api.w.org\/{rel}","templated":true}]}}