{"id":10300,"date":"2022-10-30T21:34:18","date_gmt":"2022-10-31T00:34:18","guid":{"rendered":"https:\/\/vincula.com.br\/loja\/?post_type=product&#038;p=10300"},"modified":"2024-08-20T15:05:00","modified_gmt":"2024-08-20T18:05:00","slug":"pistola-para-cimentacao","status":"publish","type":"product","link":"https:\/\/vincula.com.br\/loja\/product\/pistola-para-cimentacao\/","title":{"rendered":"Pistola para Cimenta\u00e7\u00e3o"},"content":{"rendered":"<p>O produto \u00e9 destinado a auxiliar na pressuriza\u00e7\u00e3o de cimento ortop\u00e9dico em canal femoral ou acet\u00e1bulo em cirurgias ortop\u00e9dicas e traumatol\u00f3gicas, sendo de compet\u00eancia do profissional da \u00e1rea m\u00e9dico-hospitalar, devidamente especializados e familiarizados com as t\u00e9cnicas e procedimentos que envolvem o seu uso.<\/p>\n<p><strong>Caracter\u00edsticas &amp; Especifica\u00e7\u00f5es:<br \/>\n<\/strong>-REF 8050102<br \/>\nComposi\u00e7\u00e3o: Os componentes da Pistola de Cimenta\u00e7\u00e3o s\u00e3o fabricados em a\u00e7o inoxid\u00e1vel AISI 304 e AISI 420B (conforme norma ASTM F899 \u2013 Standard Specification for Wrought Stainless Steels for Surgical Instruments) e em liga de Alum\u00ednio (conforme NBR ISO 209 &#8211; Alum\u00ednio e suas ligas &#8211; Composi\u00e7\u00e3o Qu\u00edmica).<br \/>\nProduto N\u00e3o est\u00e9ril<br \/>\nM\u00e9todo de esteriliza\u00e7\u00e3o: Calor \u00famido (autoclave)<br \/>\nValidade: Indeterminado<\/p>\n","protected":false},"excerpt":{"rendered":"<p>A Pistola para Cimenta\u00e7\u00e3o \u00e9 recomendada nas cirurgias ortop\u00e9dicas traumatol\u00f3gicas onde a mesma auxilia na pressuriza\u00e7\u00e3o de cimento \u00f3sseo no canal femoral ou acetabular e\/ou reparar tecidos \u00f3sseos.<\/p>\n","protected":false},"featured_media":9732,"template":"","meta":{"_acf_changed":false},"product_brand":[],"product_cat":[86,129],"product_tag":[],"class_list":{"0":"post-10300","1":"product","2":"type-product","3":"status-publish","4":"has-post-thumbnail","6":"product_cat-cimentos-e-acessorios","7":"product_cat-pistola-para-cimentacao","9":"first","10":"instock","11":"shipping-taxable","12":"purchasable","13":"product-type-simple"},"acf":[],"_links":{"self":[{"href":"https:\/\/vincula.com.br\/loja\/wp-json\/wp\/v2\/product\/10300","targetHints":{"allow":["GET"]}}],"collection":[{"href":"https:\/\/vincula.com.br\/loja\/wp-json\/wp\/v2\/product"}],"about":[{"href":"https:\/\/vincula.com.br\/loja\/wp-json\/wp\/v2\/types\/product"}],"version-history":[{"count":3,"href":"https:\/\/vincula.com.br\/loja\/wp-json\/wp\/v2\/product\/10300\/revisions"}],"predecessor-version":[{"id":10931,"href":"https:\/\/vincula.com.br\/loja\/wp-json\/wp\/v2\/product\/10300\/revisions\/10931"}],"wp:featuredmedia":[{"embeddable":true,"href":"https:\/\/vincula.com.br\/loja\/wp-json\/wp\/v2\/media\/9732"}],"wp:attachment":[{"href":"https:\/\/vincula.com.br\/loja\/wp-json\/wp\/v2\/media?parent=10300"}],"wp:term":[{"taxonomy":"product_brand","embeddable":true,"href":"https:\/\/vincula.com.br\/loja\/wp-json\/wp\/v2\/product_brand?post=10300"},{"taxonomy":"product_cat","embeddable":true,"href":"https:\/\/vincula.com.br\/loja\/wp-json\/wp\/v2\/product_cat?post=10300"},{"taxonomy":"product_tag","embeddable":true,"href":"https:\/\/vincula.com.br\/loja\/wp-json\/wp\/v2\/product_tag?post=10300"}],"curies":[{"name":"wp","href":"https:\/\/api.w.org\/{rel}","templated":true}]}}