{"id":10141,"date":"2022-10-30T18:19:48","date_gmt":"2022-10-30T21:19:48","guid":{"rendered":"https:\/\/vincula.com.br\/loja\/?post_type=product&#038;p=10141"},"modified":"2025-10-16T00:43:00","modified_gmt":"2025-10-16T03:43:00","slug":"restritor-de-cimento","status":"publish","type":"product","link":"https:\/\/vincula.com.br\/loja\/product\/restritor-de-cimento\/","title":{"rendered":"Restritor de Cimento"},"content":{"rendered":"<p>Os Restritores para Cimento s\u00e3o fabricados a partir do pol\u00edmero Polietileno (UHMWPE), possuem aletas para melhor adapta\u00e7\u00e3o ao canal intramedudar femoral. S\u00e3o introduzidos no canal femoral fresado antes da cimenta\u00e7\u00e3o da pr\u00f3tese para evitar que o cimento se dissipe para outras regi\u00f5es.<\/p>\n<p><strong>Caracter\u00edsticas &amp; Especifica\u00e7\u00f5es:<\/strong><\/p>\n<p><strong>&#8211; Ref:<\/strong><\/p>\n<table width=\"537\">\n<tbody>\n<tr>\n<td width=\"95\">04.32.01.00015<\/td>\n<td width=\"443\">Restritor para Cimento 15 mm Pe<\/td>\n<\/tr>\n<tr>\n<td width=\"95\">04.32.01.00018<\/td>\n<td width=\"443\">Restritor para Cimento 18 mm Pe<\/td>\n<\/tr>\n<tr>\n<td width=\"95\">04.32.01.00021<\/td>\n<td width=\"443\">Restritor para Cimento 21 mm Pe<\/td>\n<\/tr>\n<tr>\n<td width=\"95\">04.32.01.00024<\/td>\n<td width=\"443\">Restritor para Cimento 24 mm Pe<\/td>\n<\/tr>\n<\/tbody>\n<\/table>\n<p>&#8211; 4 di\u00e2metros diferentes para utiliza\u00e7\u00e3o no canal intramedular;<br \/>\n&#8211; Provas espec\u00edficas para dimensionamento do canal intramedular femoral e indica\u00e7\u00e3o da medida de restritor que melhor se adapta;<br \/>\n&#8211; Fabricado em Polietileno (UHMWPE).<\/p>\n<p>Material Est\u00e9ril: Radia\u00e7\u00e3o Gama (25 kGy);<br \/>\nPrazo de Validade: 05 anos (ap\u00f3s a data da esteriliza\u00e7\u00e3o)<br \/>\nForma de Embalagem: Unit\u00e1rio (Duplo Blister)<\/p>\n","protected":false},"excerpt":{"rendered":"<p><strong>RESTRITOR PARA CIMENTO PE<\/strong><br \/>\nOs restritores de Cimento s\u00e3o inseridos no canal femoral e funcionam como um tamp\u00e3o no momento da cimenta\u00e7\u00e3o da haste, de modo a evitar que o cimento se espalhe por esse canal.<\/p>\n","protected":false},"featured_media":9735,"template":"","meta":{"_acf_changed":false},"product_brand":[],"product_cat":[86,83],"product_tag":[],"class_list":{"0":"post-10141","1":"product","2":"type-product","3":"status-publish","4":"has-post-thumbnail","6":"product_cat-cimentos-e-acessorios","7":"product_cat-restritor-de-cimento","9":"first","10":"instock","11":"shipping-taxable","12":"purchasable","13":"product-type-variable"},"acf":[],"_links":{"self":[{"href":"https:\/\/vincula.com.br\/loja\/wp-json\/wp\/v2\/product\/10141","targetHints":{"allow":["GET"]}}],"collection":[{"href":"https:\/\/vincula.com.br\/loja\/wp-json\/wp\/v2\/product"}],"about":[{"href":"https:\/\/vincula.com.br\/loja\/wp-json\/wp\/v2\/types\/product"}],"version-history":[{"count":5,"href":"https:\/\/vincula.com.br\/loja\/wp-json\/wp\/v2\/product\/10141\/revisions"}],"predecessor-version":[{"id":10534,"href":"https:\/\/vincula.com.br\/loja\/wp-json\/wp\/v2\/product\/10141\/revisions\/10534"}],"wp:featuredmedia":[{"embeddable":true,"href":"https:\/\/vincula.com.br\/loja\/wp-json\/wp\/v2\/media\/9735"}],"wp:attachment":[{"href":"https:\/\/vincula.com.br\/loja\/wp-json\/wp\/v2\/media?parent=10141"}],"wp:term":[{"taxonomy":"product_brand","embeddable":true,"href":"https:\/\/vincula.com.br\/loja\/wp-json\/wp\/v2\/product_brand?post=10141"},{"taxonomy":"product_cat","embeddable":true,"href":"https:\/\/vincula.com.br\/loja\/wp-json\/wp\/v2\/product_cat?post=10141"},{"taxonomy":"product_tag","embeddable":true,"href":"https:\/\/vincula.com.br\/loja\/wp-json\/wp\/v2\/product_tag?post=10141"}],"curies":[{"name":"wp","href":"https:\/\/api.w.org\/{rel}","templated":true}]}}