{"id":10139,"date":"2022-10-30T18:19:03","date_gmt":"2022-10-30T21:19:03","guid":{"rendered":"https:\/\/vincula.com.br\/loja\/?post_type=product&#038;p=10139"},"modified":"2025-10-16T12:41:55","modified_gmt":"2025-10-16T15:41:55","slug":"reforco-acetabular-metalico","status":"publish","type":"product","link":"https:\/\/vincula.com.br\/loja\/product\/reforco-acetabular-metalico\/","title":{"rendered":"Refor\u00e7o Acetabular Met\u00e1lico"},"content":{"rendered":"<p>O Refor\u00e7o Acetabular \u00e9 indicado para o refor\u00e7o ao acet\u00e1bulo que ser\u00e1 implantado em cirurgias ortop\u00e9dicas e traumatol\u00f3gicas, na reposi\u00e7\u00e3o de articula\u00e7\u00f5es \u00f3sseas, artrite de bacia causada por enfermidade degenerativa, artrite p\u00f3s-traum\u00e1tica, artrite p\u00f3s-infecciosa, necrose avascular e artrite advinda de outras causas etiol\u00f3gicas raras, ou outras situa\u00e7\u00f5es em que o uso se fa\u00e7a necess\u00e1rio.<\/p>\n<p><strong>Caracter\u00edsticas &amp; Especifica\u00e7\u00f5es:<br \/>\n<\/strong>-REF:<\/p>\n<table width=\"537\">\n<tbody>\n<tr>\n<td width=\"95\">04.31.04.00000<\/td>\n<td width=\"443\">Reforco Acetabular Metalico Pequeno \u2013 50mm<\/td>\n<\/tr>\n<tr>\n<td width=\"95\">04.31.05.00000<\/td>\n<td width=\"443\">Reforco Acetabular Metalico Grande \u2013 60mm<\/td>\n<\/tr>\n<\/tbody>\n<\/table>\n<p>&nbsp;<\/p>\n<p>&#8211; Produzido em liga de a\u00e7o inox (19Cr14Ni-2.5Mo);<\/p>\n<p>&#8211; Duas op\u00e7\u00f5es de tamanhos com aletas model\u00e1veis e sistema de travamento atrav\u00e9s de parafusos.<br \/>\nMaterial Est\u00e9ril: \u00d3xido de Etileno<br \/>\nPrazo de Validade: 05 anos (ap\u00f3s a data da esteriliza\u00e7\u00e3o)<br \/>\nForma de Embalagem: Unit\u00e1rio (Duplo Blister)<\/p>\n","protected":false},"excerpt":{"rendered":"<p><strong>REFOR\u00c7O ACETABULAR<br \/>\n<\/strong>O Refor\u00e7o Acetabular tem a fun\u00e7\u00e3o de refor\u00e7ar a parte \u00f3ssea afetada, na qual se acopla o acet\u00e1bulo.<br \/>\n&#8211; Acabamento superficial polido proporcionando uma rugosidade muito baixa para minimizar o atrito nas condi\u00e7\u00f5es de uso do implante;<br \/>\n&#8211; Fabricado em liga de a\u00e7o inox (19Cr14Ni-2.5Mo), proporciona alta resist\u00eancia ao desgaste por atrito e\u00a0dissipa\u00e7\u00e3o das cargas de impacto provenientes das solicita\u00e7\u00f5es mec\u00e2nicas da articula\u00e7\u00e3o do quadril.<\/p>\n","protected":false},"featured_media":9734,"template":"","meta":{"_acf_changed":false},"product_brand":[],"product_cat":[89,82],"product_tag":[],"class_list":{"0":"post-10139","1":"product","2":"type-product","3":"status-publish","4":"has-post-thumbnail","6":"product_cat-quadril","7":"product_cat-reforo-acetabular","9":"first","10":"outofstock","11":"shipping-taxable","12":"purchasable","13":"product-type-variable"},"acf":[],"_links":{"self":[{"href":"https:\/\/vincula.com.br\/loja\/wp-json\/wp\/v2\/product\/10139","targetHints":{"allow":["GET"]}}],"collection":[{"href":"https:\/\/vincula.com.br\/loja\/wp-json\/wp\/v2\/product"}],"about":[{"href":"https:\/\/vincula.com.br\/loja\/wp-json\/wp\/v2\/types\/product"}],"version-history":[{"count":4,"href":"https:\/\/vincula.com.br\/loja\/wp-json\/wp\/v2\/product\/10139\/revisions"}],"predecessor-version":[{"id":10891,"href":"https:\/\/vincula.com.br\/loja\/wp-json\/wp\/v2\/product\/10139\/revisions\/10891"}],"wp:featuredmedia":[{"embeddable":true,"href":"https:\/\/vincula.com.br\/loja\/wp-json\/wp\/v2\/media\/9734"}],"wp:attachment":[{"href":"https:\/\/vincula.com.br\/loja\/wp-json\/wp\/v2\/media?parent=10139"}],"wp:term":[{"taxonomy":"product_brand","embeddable":true,"href":"https:\/\/vincula.com.br\/loja\/wp-json\/wp\/v2\/product_brand?post=10139"},{"taxonomy":"product_cat","embeddable":true,"href":"https:\/\/vincula.com.br\/loja\/wp-json\/wp\/v2\/product_cat?post=10139"},{"taxonomy":"product_tag","embeddable":true,"href":"https:\/\/vincula.com.br\/loja\/wp-json\/wp\/v2\/product_tag?post=10139"}],"curies":[{"name":"wp","href":"https:\/\/api.w.org\/{rel}","templated":true}]}}