{"id":10137,"date":"2022-10-30T18:18:23","date_gmt":"2022-10-30T21:18:23","guid":{"rendered":"https:\/\/vincula.com.br\/loja\/?post_type=product&#038;p=10137"},"modified":"2025-10-18T00:44:55","modified_gmt":"2025-10-18T03:44:55","slug":"protese-de-radio","status":"publish","type":"product","link":"https:\/\/vincula.com.br\/loja\/product\/protese-de-radio\/","title":{"rendered":"Pr\u00f3tese de R\u00e1dio"},"content":{"rendered":"","protected":false},"excerpt":{"rendered":"<p class=\"p1\">Necess\u00e1rio instrumental pr\u00f3tese de r\u00e1dio<\/p>\n","protected":false},"featured_media":10508,"template":"","meta":{"_acf_changed":false},"product_brand":[],"product_cat":[104,103],"product_tag":[],"class_list":{"0":"post-10137","1":"product","2":"type-product","3":"status-publish","4":"has-post-thumbnail","6":"product_cat-protese-de-radio","7":"product_cat-radio","9":"first","10":"instock","11":"shipping-taxable","12":"purchasable","13":"product-type-variable"},"acf":[],"_links":{"self":[{"href":"https:\/\/vincula.com.br\/loja\/wp-json\/wp\/v2\/product\/10137","targetHints":{"allow":["GET"]}}],"collection":[{"href":"https:\/\/vincula.com.br\/loja\/wp-json\/wp\/v2\/product"}],"about":[{"href":"https:\/\/vincula.com.br\/loja\/wp-json\/wp\/v2\/types\/product"}],"version-history":[{"count":3,"href":"https:\/\/vincula.com.br\/loja\/wp-json\/wp\/v2\/product\/10137\/revisions"}],"predecessor-version":[{"id":11253,"href":"https:\/\/vincula.com.br\/loja\/wp-json\/wp\/v2\/product\/10137\/revisions\/11253"}],"wp:featuredmedia":[{"embeddable":true,"href":"https:\/\/vincula.com.br\/loja\/wp-json\/wp\/v2\/media\/10508"}],"wp:attachment":[{"href":"https:\/\/vincula.com.br\/loja\/wp-json\/wp\/v2\/media?parent=10137"}],"wp:term":[{"taxonomy":"product_brand","embeddable":true,"href":"https:\/\/vincula.com.br\/loja\/wp-json\/wp\/v2\/product_brand?post=10137"},{"taxonomy":"product_cat","embeddable":true,"href":"https:\/\/vincula.com.br\/loja\/wp-json\/wp\/v2\/product_cat?post=10137"},{"taxonomy":"product_tag","embeddable":true,"href":"https:\/\/vincula.com.br\/loja\/wp-json\/wp\/v2\/product_tag?post=10137"}],"curies":[{"name":"wp","href":"https:\/\/api.w.org\/{rel}","templated":true}]}}