{"id":10127,"date":"2022-10-30T18:15:31","date_gmt":"2022-10-30T21:15:31","guid":{"rendered":"https:\/\/vincula.com.br\/loja\/?post_type=product&#038;p=10127"},"modified":"2025-09-01T12:46:26","modified_gmt":"2025-09-01T15:46:26","slug":"enxerto-osseo-em-bloco-neobone","status":"publish","type":"product","link":"https:\/\/vincula.com.br\/loja\/product\/enxerto-osseo-em-bloco-neobone\/","title":{"rendered":"Enxerto \u00d3sseo em Bloco &#8211; NEOBONE\u00ae"},"content":{"rendered":"<p>O Neobone\u00ae \u00e9 um substituto \u00f3sseo totalmente reabsorv\u00edvel que promove a regenera\u00e7\u00e3o \u00f3ssea devido \u00e0 porosidade (macro e microporos) interconectada.<br \/>\nO produto consiste em um substituto de enchimento \u00f3sseo bioativo que d\u00e1 lugar a um osso neoformado.<\/p>\n<p>-Registro ANVISA N\u00ba:10417940128<\/p>\n<p><strong>REF B1010051 &#8211; Tamanho 10x10x05 mm &#8211; 1 uni<\/strong><br \/>\n<strong>Composi\u00e7\u00e3o:<\/strong><br \/>\n75% Hidroxiapatita (HAP) enriquecida com Mg \u2013 (Ca10-x Mgx(PO4)6(OH)2) \u2013 ISO 13779-1<br \/>\n25% \u03b2-Fosfato Tric\u00e1lcico (\u03b2-TCP) \u2013 Ca3(PO4)2 \u2013 ASTM F-1088<br \/>\nTamanho: 10x10x05 mm<\/p>\n<p><strong>REF B1010201 &#8211; Tamanho 10x10x20 mm &#8211; 1 uni<\/strong><br \/>\n<strong>Composi\u00e7\u00e3o:<\/strong><br \/>\n75% Hidroxiapatita (HAP) enriquecida com Mg \u2013 (Ca10-x Mgx(PO4)6(OH)2) \u2013 ISO 13779-1<br \/>\n25% \u03b2-Fosfato Tric\u00e1lcico (\u03b2-TCP) \u2013 Ca3(PO4)2 \u2013 ASTM F-1088<br \/>\nTamanho: 10x10x20 mm<\/p>\n<p><strong>REF B1515201 &#8211; Tamanho 15x15x20 mm &#8211; 1 uni<\/strong><br \/>\n<strong>Composi\u00e7\u00e3o:<\/strong><br \/>\n75% Hidroxiapatita (HAP) enriquecida com Mg \u2013 (Ca10-x Mgx(PO4)6(OH)2) \u2013 ISO 13779-1<br \/>\n25% \u03b2-Fosfato Tric\u00e1lcico (\u03b2-TCP) \u2013 Ca3(PO4)2 \u2013 ASTM F-1088<br \/>\nTamanho: 15x15x20 mm<\/p>\n<p><strong>Contraindica\u00e7\u00f5es:<\/strong> O Neobone\u00ae \u00e9 contra indicado para fornecer suporte estrutural no sistema esquel\u00e9tico e n\u00e3o deve ser usado onde o local de implanta\u00e7\u00e3o \u00e9 inst\u00e1vel e n\u00e3o est\u00e1 rigidamente fixado.<\/p>\n<p>&nbsp;<\/p>\n","protected":false},"excerpt":{"rendered":"<p><strong>SUBSTITUTO \u00d3SSEO SINT\u00c9TICO BIF\u00c1SICO<\/strong><br \/>\nSubstituto \u00f3sseo sint\u00e9tico bif\u00e1sico \u2013 \u03b2-fosfato tric\u00e1lcio (25%) e hidroxiapatita (75%).<strong><br \/>\n<\/strong>-Tem como finalidade ser utilizado no tratamento de fraturas, osteotomias ou preenchimento de defeitos \u00f3sseos.<br \/>\n-Esterilizado por radia\u00e7\u00e3o gama;<br \/>\n-Porosidade interconectada, permitindo a vasculariza\u00e7\u00e3o do implante;<br \/>\n-Permite osteointegra\u00e7\u00e3o para promover a regenera\u00e7\u00e3o do osso;<\/p>\n","protected":false},"featured_media":11358,"template":"","meta":{"_acf_changed":false},"product_brand":[],"product_cat":[77,138],"product_tag":[],"class_list":{"0":"post-10127","1":"product","2":"type-product","3":"status-publish","4":"has-post-thumbnail","6":"product_cat-enxerto-osseo","7":"product_cat-substituto-osseo","9":"first","10":"instock","11":"shipping-taxable","12":"purchasable","13":"product-type-variable"},"acf":[],"_links":{"self":[{"href":"https:\/\/vincula.com.br\/loja\/wp-json\/wp\/v2\/product\/10127","targetHints":{"allow":["GET"]}}],"collection":[{"href":"https:\/\/vincula.com.br\/loja\/wp-json\/wp\/v2\/product"}],"about":[{"href":"https:\/\/vincula.com.br\/loja\/wp-json\/wp\/v2\/types\/product"}],"version-history":[{"count":7,"href":"https:\/\/vincula.com.br\/loja\/wp-json\/wp\/v2\/product\/10127\/revisions"}],"predecessor-version":[{"id":11359,"href":"https:\/\/vincula.com.br\/loja\/wp-json\/wp\/v2\/product\/10127\/revisions\/11359"}],"wp:featuredmedia":[{"embeddable":true,"href":"https:\/\/vincula.com.br\/loja\/wp-json\/wp\/v2\/media\/11358"}],"wp:attachment":[{"href":"https:\/\/vincula.com.br\/loja\/wp-json\/wp\/v2\/media?parent=10127"}],"wp:term":[{"taxonomy":"product_brand","embeddable":true,"href":"https:\/\/vincula.com.br\/loja\/wp-json\/wp\/v2\/product_brand?post=10127"},{"taxonomy":"product_cat","embeddable":true,"href":"https:\/\/vincula.com.br\/loja\/wp-json\/wp\/v2\/product_cat?post=10127"},{"taxonomy":"product_tag","embeddable":true,"href":"https:\/\/vincula.com.br\/loja\/wp-json\/wp\/v2\/product_tag?post=10127"}],"curies":[{"name":"wp","href":"https:\/\/api.w.org\/{rel}","templated":true}]}}