{"id":10121,"date":"2022-10-30T18:13:41","date_gmt":"2022-10-30T21:13:41","guid":{"rendered":"https:\/\/vincula.com.br\/loja\/?post_type=product&#038;p=10121"},"modified":"2025-04-26T00:41:58","modified_gmt":"2025-04-26T03:41:58","slug":"fusimax-plp-cage-intersomatico-posterior-peek","status":"publish","type":"product","link":"https:\/\/vincula.com.br\/loja\/product\/fusimax-plp-cage-intersomatico-posterior-peek\/","title":{"rendered":"Fusimax PLP &#8211; Cage Intersom\u00e1tico Posterior &#8211; PEEK"},"content":{"rendered":"<p>Produzido em PEEK: Material biocompat\u00edvel com m\u00f3dulo de elasticidade semelhante ao osso que mant\u00e9m a altura do espa\u00e7o Intersom\u00e1tico;<br \/>\n&#8211; Cage paralelo com superf\u00edcie serrilhada com sulcos que impedem a migra\u00e7\u00e3o e garante uma maior estabilidade prim\u00e1ria;<br \/>\n&#8211; 02 marcadores radiopacos que permite melhor visualiza\u00e7\u00e3o e posicionamento do implante durante o procedimento cir\u00fargico;<br \/>\n-Embalagem individual est\u00e9ril;<\/p>\n<p><strong>Caracter\u00edsticas &amp; Especifica\u00e7\u00f5es:<br \/>\n<\/strong>-Registro ANVISA N\u00ba:10417940091<br \/>\nMat\u00e9ria-Prima: PEEK &#8211; PEEK &#8211; Polieteretercetona (PEEK) \u2013 ASTM F-2026\/ T\u00e2ntalo \u2013 ASTM<br \/>\nProduto Est\u00e9ril &#8211; Radia\u00e7\u00e3o Gama<br \/>\nPrazo de Validade: 05 anos (a partir da data da esteriliza\u00e7\u00e3o)<br \/>\nForma de Embalagem: Unit\u00e1rio (Duplo Blister)<\/p>\n<p><strong>REF 04.36.30.10008 &#8211; 08mm<\/strong><br \/>\nRegistro ANVISA N\u00ba:10417940091<br \/>\nDimens\u00e3o: 08x22x10 mm<\/p>\n<p><strong>REF 04.36.30.10009 &#8211; 09mm<\/strong><br \/>\nRegistro ANVISA N\u00ba:10417940091<br \/>\nDimens\u00e3o: 09x22x10 mm<\/p>\n<p><strong>REF 04.36.30.10010 &#8211; 10mm<\/strong><br \/>\nRegistro ANVISA N\u00ba:10417940091<br \/>\nDimens\u00e3o: 10x22x10 mm<\/p>\n<p><strong>REF 04.36.30.10011 &#8211; 11mm<\/strong><br \/>\nRegistro ANVISA N\u00ba:10417940091<br \/>\nDimens\u00e3o: 11x22x10 mm<\/p>\n<p><strong>REF 04.36.30.10012 &#8211; 12mm<\/strong><br \/>\nRegistro ANVISA N\u00ba:10417940091<br \/>\nDimens\u00e3o: 12x22x10 mm<\/p>\n<p><strong>REF 04.36.30.10013 &#8211; 13mm<\/strong><br \/>\nRegistro ANVISA N\u00ba:10417940091<br \/>\nDimens\u00e3o: 13x22x10 mm<\/p>\n<p><strong>REF 04.36.30.10014 &#8211; 14mm<\/strong><br \/>\nRegistro ANVISA N\u00ba:10417940091<br \/>\nDimens\u00e3o: 14x22x10 mm<\/p>\n<p>&nbsp;<\/p>\n","protected":false},"excerpt":{"rendered":"<p>A fam\u00edlia do Cage Intersom\u00e1tico N\u00e3o Expansivo \u2013 PEEK consiste em dispositivos implant\u00e1veis, invasivos cirurgicamente de utiliza\u00e7\u00e3o em longo prazo, utilizados em procedimentos de fus\u00e3o da coluna cervical.<\/p>\n<p class=\"p1\"><strong>OBS.:<\/strong> \u00c9 necess\u00e1rio o instrumental para sistema de fus\u00e3o lombar V\u00cdNCULA.<\/p>\n","protected":false},"featured_media":9714,"template":"","meta":{"_acf_changed":false},"product_brand":[],"product_cat":[139,87,136],"product_tag":[],"class_list":{"0":"post-10121","1":"product","2":"type-product","3":"status-publish","4":"has-post-thumbnail","6":"product_cat-cage-lombar-em-peek","7":"product_cat-coluna","8":"product_cat-fusimax-plp","10":"first","11":"instock","12":"shipping-taxable","13":"purchasable","14":"product-type-variable"},"acf":[],"_links":{"self":[{"href":"https:\/\/vincula.com.br\/loja\/wp-json\/wp\/v2\/product\/10121","targetHints":{"allow":["GET"]}}],"collection":[{"href":"https:\/\/vincula.com.br\/loja\/wp-json\/wp\/v2\/product"}],"about":[{"href":"https:\/\/vincula.com.br\/loja\/wp-json\/wp\/v2\/types\/product"}],"version-history":[{"count":5,"href":"https:\/\/vincula.com.br\/loja\/wp-json\/wp\/v2\/product\/10121\/revisions"}],"predecessor-version":[{"id":11251,"href":"https:\/\/vincula.com.br\/loja\/wp-json\/wp\/v2\/product\/10121\/revisions\/11251"}],"wp:featuredmedia":[{"embeddable":true,"href":"https:\/\/vincula.com.br\/loja\/wp-json\/wp\/v2\/media\/9714"}],"wp:attachment":[{"href":"https:\/\/vincula.com.br\/loja\/wp-json\/wp\/v2\/media?parent=10121"}],"wp:term":[{"taxonomy":"product_brand","embeddable":true,"href":"https:\/\/vincula.com.br\/loja\/wp-json\/wp\/v2\/product_brand?post=10121"},{"taxonomy":"product_cat","embeddable":true,"href":"https:\/\/vincula.com.br\/loja\/wp-json\/wp\/v2\/product_cat?post=10121"},{"taxonomy":"product_tag","embeddable":true,"href":"https:\/\/vincula.com.br\/loja\/wp-json\/wp\/v2\/product_tag?post=10121"}],"curies":[{"name":"wp","href":"https:\/\/api.w.org\/{rel}","templated":true}]}}