{"id":10115,"date":"2022-10-30T16:57:14","date_gmt":"2022-10-30T19:57:14","guid":{"rendered":"https:\/\/vincula.com.br\/loja\/?post_type=product&#038;p=10115"},"modified":"2025-10-16T12:41:55","modified_gmt":"2025-10-16T15:41:55","slug":"fusimax-acp-cage-cervical-peek","status":"publish","type":"product","link":"https:\/\/vincula.com.br\/loja\/product\/fusimax-acp-cage-cervical-peek\/","title":{"rendered":"Fusimax ACP &#8211; Cage Cervical &#8211; PEEK"},"content":{"rendered":"<p>Produzido em PEEK: Material biocompat\u00edvel com m\u00f3dulo de elasticidade semelhante ao osso que mant\u00e9m a altura do espa\u00e7o Intersom\u00e1tico;<br \/>\n-Embalagem individual est\u00e9ril;<br \/>\n-Formato cuneiforme, aplic\u00e1vel ao segmento cervical da coluna por via de acesso anterior.<\/p>\n<p><strong>Caracter\u00edsticas &amp; Especifica\u00e7\u00f5es:<br \/>\n<\/strong>-Registro ANVISA N\u00ba:10417940091<br \/>\nMat\u00e9ria-Prima: PEEK &#8211; Polieteretercetona (PEEK) \u2013 ASTM F-2026\/ T\u00e2ntalo \u2013 ASTM F-560;<br \/>\nProduto Est\u00e9ril &#8211; Radia\u00e7\u00e3o Gama<\/p>\n<p class=\"p1\">\n","protected":false},"excerpt":{"rendered":"<p>A fam\u00edlia do Cage Intersom\u00e1tico N\u00e3o Expansivo \u2013 PEEK consiste em dispositivos implant\u00e1veis, invasivos cirurgicamente de utiliza\u00e7\u00e3o em longo prazo, utilizados em procedimentos de fus\u00e3o da coluna cervical.<\/p>\n<p><strong>OBS.:<\/strong> S\u00e3o necess\u00e1rios os instrumentais para sistema de fus\u00e3o cervical FUSIMAX V\u00cdNCULA.<\/p>\n","protected":false},"featured_media":9712,"template":"","meta":{"_acf_changed":false},"product_brand":[],"product_cat":[79,87,133],"product_tag":[],"class_list":{"0":"post-10115","1":"product","2":"type-product","3":"status-publish","4":"has-post-thumbnail","6":"product_cat-cage-cervical-em-peek","7":"product_cat-coluna","8":"product_cat-fusimax-acp","10":"first","11":"instock","12":"shipping-taxable","13":"purchasable","14":"product-type-variable"},"acf":[],"_links":{"self":[{"href":"https:\/\/vincula.com.br\/loja\/wp-json\/wp\/v2\/product\/10115","targetHints":{"allow":["GET"]}}],"collection":[{"href":"https:\/\/vincula.com.br\/loja\/wp-json\/wp\/v2\/product"}],"about":[{"href":"https:\/\/vincula.com.br\/loja\/wp-json\/wp\/v2\/types\/product"}],"version-history":[{"count":10,"href":"https:\/\/vincula.com.br\/loja\/wp-json\/wp\/v2\/product\/10115\/revisions"}],"predecessor-version":[{"id":11249,"href":"https:\/\/vincula.com.br\/loja\/wp-json\/wp\/v2\/product\/10115\/revisions\/11249"}],"wp:featuredmedia":[{"embeddable":true,"href":"https:\/\/vincula.com.br\/loja\/wp-json\/wp\/v2\/media\/9712"}],"wp:attachment":[{"href":"https:\/\/vincula.com.br\/loja\/wp-json\/wp\/v2\/media?parent=10115"}],"wp:term":[{"taxonomy":"product_brand","embeddable":true,"href":"https:\/\/vincula.com.br\/loja\/wp-json\/wp\/v2\/product_brand?post=10115"},{"taxonomy":"product_cat","embeddable":true,"href":"https:\/\/vincula.com.br\/loja\/wp-json\/wp\/v2\/product_cat?post=10115"},{"taxonomy":"product_tag","embeddable":true,"href":"https:\/\/vincula.com.br\/loja\/wp-json\/wp\/v2\/product_tag?post=10115"}],"curies":[{"name":"wp","href":"https:\/\/api.w.org\/{rel}","templated":true}]}}