{"id":10111,"date":"2022-10-30T16:55:48","date_gmt":"2022-10-30T19:55:48","guid":{"rendered":"https:\/\/vincula.com.br\/loja\/?post_type=product&#038;p=10111"},"modified":"2025-10-18T00:44:55","modified_gmt":"2025-10-18T03:44:55","slug":"espacador-temporario-para-joelho","status":"publish","type":"product","link":"https:\/\/vincula.com.br\/loja\/product\/espacador-temporario-para-joelho\/","title":{"rendered":"Espa\u00e7ador Tempor\u00e1rio para Joelho"},"content":{"rendered":"<p>O Espa\u00e7ador de Joelho Subiton \u00e9 um implante tempor\u00e1rio cuja fun\u00e7\u00e3o principal \u00e9 de manter o espa\u00e7o articular durante a Artroplastia de Revis\u00e3o em Dois Tempos e tratar a infec\u00e7\u00e3o originada no implante do espa\u00e7ador de joelho.<br \/>\n-Libera\u00e7\u00e3o eficaz do antibi\u00f3tico \u201cin loco\u201d.<\/p>\n<p>-Mant\u00e9m o espa\u00e7o articular.<br \/>\n-Possibilita a movimenta\u00e7\u00e3o articular com melhor condi\u00e7\u00e3o de conforto para o paciente.<br \/>\n-Simplifica\u00e7\u00e3o da via de acesso para a revis\u00e3o, j\u00e1 que o tend\u00e3o rotuliano se encontra sem as -ader\u00eancias resultantes da imobiliza\u00e7\u00e3o.<br \/>\n-Sistema muscular em \u00f3timas condi\u00e7\u00f5es por ter mantido seu funcionamento durante o per\u00edodo de uso do espa\u00e7ador.<br \/>\n-Ligamentos colaterais preservados e funcionando.<br \/>\n-Melhor mobilidade comparado aos espa\u00e7adores feitos em salas cir\u00fargicas.<\/p>\n<p><strong>Caracter\u00edsticas &amp; Especifica\u00e7\u00f5es:<br \/>\n<\/strong>-Registro ANVISA N\u00ba: 81361440028<br \/>\nComposi\u00e7\u00e3o: Cimento ortop\u00e9dico (PMMA + Sulfato Gentamicina + A\u00e7o 316L)<br \/>\nMedidas RF 58: Femoral: 58 x 7,5 x 47,7 Tibial: 65 x 16,5 x 48,2<\/p>\n<p>Medidas RF 65: Femoral: 65 x 7,5 x 47,7 Tibial: 73 x 16,5 x 48,2<\/p>\n<p>Medidas RF 79: Femoral: 79 x 9 x 57,2 Tibial: 85 x 20 x 55<br \/>\nProduto Est\u00e9ril: ETO (\u00f3xido de etileno)<br \/>\nPrazo de Validade: 03 anos (ap\u00f3s a data da esteriliza\u00e7\u00e3o)<\/p>\n<p>O espa\u00e7ador Subiton \u00e9 contra-indicado em pacientes com hipersensibilidade \u00e0 Gentamicina e outros componentes.<\/p>\n<p><strong>REF 880910 &#8211; Espa\u00e7ador Temp.Acrilico p\/Joelho c\/Gentamicina Subiton RF58<\/strong><br \/>\nComposi\u00e7\u00e3o:<br \/>\n87,44 % Polimetacrilato de Metila, 2,43 % Per\u00f3xido de Benzoila, 10,13 % Sulfato de B\u00e1rio e 0,5 \u00e0 0,75 g Sulfato de Gentamicina em sua forma em p\u00f3, 98,8 % de Metacrilato de Metila, 1,2 % de N, N dimetil p-toluidina e, 18 \u2013 20 ml ppm de Hidroquinona em sua forma l\u00edquida.<br \/>\nMedidas: Femoral: 58 x 7,5 x 47,7 Tibial: 65 x 16,5 x 48,2<\/p>\n<p><strong>REF 880915 &#8211; Espa\u00e7ador Temp.Acrilico p\/Joelho c\/Gentamicina Subiton RF65<\/strong><br \/>\nComposi\u00e7\u00e3o:<br \/>\n87,44 % Polimetacrilato de Metila, 2,43 % Per\u00f3xido de Benzoila, 10,13 % Sulfato de B\u00e1rio e 0,5 \u00e0 0,75 g Sulfato de Gentamicina em sua forma em p\u00f3, 98,8 % de Metacrilato de Metila, 1,2 % de N, N dimetil p-toluidina e, 18 \u2013 20 ml ppm de Hidroquinona em sua forma l\u00edquida.<br \/>\nMedidas: Femoral: 65 x 7,5 x 47,7 Tibial: 73 x 16,5 x 48,2<\/p>\n<p><strong>REF 880916 &#8211; Espa\u00e7ador Temp.de Acrilico p\/Joelho c\/Gentamicina Sub.RF79mm<\/strong><br \/>\nComposi\u00e7\u00e3o:<br \/>\n87,44 % Polimetacrilato de Metila, 2,43 % Per\u00f3xido de Benzoila, 10,13 % Sulfato de B\u00e1rio e 0,5 \u00e0 0,75 g Sulfato de Gentamicina em sua forma em p\u00f3, 98,8 % de Metacrilato de Metila, 1,2 % de N, N dimetil p-toluidina e, 18 \u2013 20 ml ppm de Hidroquinona em sua forma l\u00edquida.<br \/>\nMedidas: Femoral: 79 x 9 x 57,2 Tibial: 85 x 20 x 55<\/p>\n<p>&nbsp;<\/p>\n<p>&nbsp;<\/p>\n","protected":false},"excerpt":{"rendered":"<p><strong>ESPA\u00c7ADOR DE JOELHO COM ANTIBI\u00d3TICO<br \/>\n<\/strong>Os espa\u00e7adores Subiton s\u00e3o produzidos para substituir provisoriamente os componentes prot\u00e9ticos infectados e servir de ajuda para o seu tratamento. Secundariamente, possui diversas vantagens relacionadas com a qualidade de vida do paciente durante o tempo de cura da infec\u00e7\u00e3o e a simplifica\u00e7\u00e3o da cirurgia de revis\u00e3o, tanto para a coloca\u00e7\u00e3o da pr\u00f3tese definitiva como para a reabilita\u00e7\u00e3o do paciente.<\/p>\n","protected":false},"featured_media":9705,"template":"","meta":{"_acf_changed":false},"product_brand":[],"product_cat":[78,140],"product_tag":[],"class_list":{"0":"post-10111","1":"product","2":"type-product","3":"status-publish","4":"has-post-thumbnail","6":"product_cat-espacador-temporario","7":"product_cat-espacador-temporario-joelho","9":"first","10":"instock","11":"shipping-taxable","12":"purchasable","13":"product-type-variable"},"acf":[],"_links":{"self":[{"href":"https:\/\/vincula.com.br\/loja\/wp-json\/wp\/v2\/product\/10111","targetHints":{"allow":["GET"]}}],"collection":[{"href":"https:\/\/vincula.com.br\/loja\/wp-json\/wp\/v2\/product"}],"about":[{"href":"https:\/\/vincula.com.br\/loja\/wp-json\/wp\/v2\/types\/product"}],"version-history":[{"count":6,"href":"https:\/\/vincula.com.br\/loja\/wp-json\/wp\/v2\/product\/10111\/revisions"}],"predecessor-version":[{"id":10919,"href":"https:\/\/vincula.com.br\/loja\/wp-json\/wp\/v2\/product\/10111\/revisions\/10919"}],"wp:featuredmedia":[{"embeddable":true,"href":"https:\/\/vincula.com.br\/loja\/wp-json\/wp\/v2\/media\/9705"}],"wp:attachment":[{"href":"https:\/\/vincula.com.br\/loja\/wp-json\/wp\/v2\/media?parent=10111"}],"wp:term":[{"taxonomy":"product_brand","embeddable":true,"href":"https:\/\/vincula.com.br\/loja\/wp-json\/wp\/v2\/product_brand?post=10111"},{"taxonomy":"product_cat","embeddable":true,"href":"https:\/\/vincula.com.br\/loja\/wp-json\/wp\/v2\/product_cat?post=10111"},{"taxonomy":"product_tag","embeddable":true,"href":"https:\/\/vincula.com.br\/loja\/wp-json\/wp\/v2\/product_tag?post=10111"}],"curies":[{"name":"wp","href":"https:\/\/api.w.org\/{rel}","templated":true}]}}