{"id":10109,"date":"2022-10-30T16:55:02","date_gmt":"2022-10-30T19:55:02","guid":{"rendered":"https:\/\/vincula.com.br\/loja\/?post_type=product&#038;p=10109"},"modified":"2025-10-02T00:43:00","modified_gmt":"2025-10-02T03:43:00","slug":"dreno-de-aspiracao","status":"publish","type":"product","link":"https:\/\/vincula.com.br\/loja\/product\/dreno-de-aspiracao\/","title":{"rendered":"Dreno de Aspira\u00e7\u00e3o"},"content":{"rendered":"<p>-Central de Aspira\u00e7\u00e3o com capacidade de 500ml<br \/>\n-Conector com tr\u00eas vias abertas com di\u00e2metro especificado de \u00f8 3.2 e 4.8<\/p>\n<p><strong>Caracter\u00edsticas &amp; Especifica\u00e7\u00f5es:<br \/>\n<\/strong>Composi\u00e7\u00e3o: Produto \u00e9 fabricado em Bomba de Polietileno de Baixa Densidade, Tubo flex\u00edvel em PVC Cristal e Tubo flex\u00edvel em PVC Cristal com Tarja Radiopaca Azul , Conector e Tamp\u00e3o em PVC Cristal, Tubo TPE, Estrangulador em Polipropileno, Estrangulador em Polietileno de Alta Densidade (para modelos IR), Ponta em Polietileno de Alta Densidade e Agulha em A\u00e7o Inoxid\u00e1vel AISI 304, A\u00e7o Inoxid\u00e1vel AISI 304.<br \/>\nProduto Est\u00e9ril: \u00d3xido de Etileno (ETO)<\/p>\n","protected":false},"excerpt":{"rendered":"<p>O Dreno de Aspira\u00e7\u00e3o P\u00f3s-Operat\u00f3rio foi projetado e \u00e9 fabricado visando o atendimento em drenagem (suc\u00e7\u00e3o) de hematomas p\u00f3s-operat\u00f3rio, secre\u00e7\u00f5es, flu\u00eddos, fragmentos, grumos, gorduras, restos ou qualquer subst\u00e2ncia em geral p\u00f3s-cirurgia.<\/p>\n","protected":false},"featured_media":9703,"template":"","meta":{"_acf_changed":false},"product_brand":[],"product_cat":[124,122],"product_tag":[],"class_list":{"0":"post-10109","1":"product","2":"type-product","3":"status-publish","4":"has-post-thumbnail","6":"product_cat-drenos","7":"product_cat-materiais-descartaveis","9":"first","10":"outofstock","11":"shipping-taxable","12":"purchasable","13":"product-type-variable"},"acf":[],"_links":{"self":[{"href":"https:\/\/vincula.com.br\/loja\/wp-json\/wp\/v2\/product\/10109","targetHints":{"allow":["GET"]}}],"collection":[{"href":"https:\/\/vincula.com.br\/loja\/wp-json\/wp\/v2\/product"}],"about":[{"href":"https:\/\/vincula.com.br\/loja\/wp-json\/wp\/v2\/types\/product"}],"version-history":[{"count":7,"href":"https:\/\/vincula.com.br\/loja\/wp-json\/wp\/v2\/product\/10109\/revisions"}],"predecessor-version":[{"id":10930,"href":"https:\/\/vincula.com.br\/loja\/wp-json\/wp\/v2\/product\/10109\/revisions\/10930"}],"wp:featuredmedia":[{"embeddable":true,"href":"https:\/\/vincula.com.br\/loja\/wp-json\/wp\/v2\/media\/9703"}],"wp:attachment":[{"href":"https:\/\/vincula.com.br\/loja\/wp-json\/wp\/v2\/media?parent=10109"}],"wp:term":[{"taxonomy":"product_brand","embeddable":true,"href":"https:\/\/vincula.com.br\/loja\/wp-json\/wp\/v2\/product_brand?post=10109"},{"taxonomy":"product_cat","embeddable":true,"href":"https:\/\/vincula.com.br\/loja\/wp-json\/wp\/v2\/product_cat?post=10109"},{"taxonomy":"product_tag","embeddable":true,"href":"https:\/\/vincula.com.br\/loja\/wp-json\/wp\/v2\/product_tag?post=10109"}],"curies":[{"name":"wp","href":"https:\/\/api.w.org\/{rel}","templated":true}]}}