{"id":10107,"date":"2022-10-30T16:53:49","date_gmt":"2022-10-30T19:53:49","guid":{"rendered":"https:\/\/vincula.com.br\/loja\/?post_type=product&#038;p=10107"},"modified":"2025-10-16T12:41:55","modified_gmt":"2025-10-16T15:41:55","slug":"ancora-com-aplicador-descartavel","status":"publish","type":"product","link":"https:\/\/vincula.com.br\/loja\/product\/ancora-com-aplicador-descartavel\/","title":{"rendered":"\u00c2ncora com Aplicador Descart\u00e1vel"},"content":{"rendered":"<p>A \u00c2ncora com Aplicador Descart\u00e1vel Arthrosmart Anchor \u00e9 indicada para procedimentos cir\u00fargicos convencionais ou artrosc\u00f3picos de reinser\u00e7\u00e3o de tecidos moles, m\u00fasculos, tend\u00f5es ou ligamentos sobre partes \u00f3sseas das articula\u00e7\u00f5es. O produto tem por finalidade \u00e0s reconstru\u00e7\u00f5es ligamentares, tendinosas e\/ou de c\u00e1psulas, rebordos (labrum) e superf\u00edcies articulares das regi\u00f5es de aplica\u00e7\u00e3o, agrupadas conforme segue: articula\u00e7\u00e3o temporomandibular (ATM), m\u00e3o e punho, cotovelo, ombro, tornozelo e p\u00e9, joelho e quadril.<\/p>\n<p><strong>Caracter\u00edsticas &amp; Especifica\u00e7\u00f5es:<\/strong><\/p>\n<p><strong>&#8211; Ref:<\/strong><\/p>\n<table width=\"537\">\n<tbody>\n<tr>\n<td width=\"95\">39.44.04.00020<\/td>\n<td width=\"443\">\u00c2ncora \u00d8 2,0 mm \u2013 02 Fios Fiber USP 3-0 \u2013 c\/ Aplicador Descart\u00e1vel Standard<\/td>\n<\/tr>\n<tr>\n<td width=\"95\">39.44.04.00027<\/td>\n<td width=\"443\">\u00c2ncora \u00d8 2,7 mm \u2013 02 Fios Fiber USP 2 \u2013 c\/ Aplicador Descart\u00e1vel Standard<\/td>\n<\/tr>\n<tr>\n<td width=\"95\">39.44.04.00035<\/td>\n<td width=\"443\">\u00c2ncora \u00d8 3,5 mm \u2013 02 Fios Fiber USP 2 \u2013 c\/ Aplicador Descart\u00e1vel Standard<\/td>\n<\/tr>\n<tr>\n<td width=\"95\">39.44.04.00040<\/td>\n<td width=\"443\">\u00c2ncora \u00d8 4,0 mm \u2013 02 Fios Fiber USP 2 \u2013 c\/ Aplicador Descart\u00e1vel Standard<\/td>\n<\/tr>\n<tr>\n<td width=\"95\">39.44.04.00050<\/td>\n<td width=\"443\">\u00c2ncora \u00d8 5,0 mm \u2013 02 Fios Fiber USP 2 \u2013 c\/ Aplicador Descart\u00e1vel Standard<\/td>\n<\/tr>\n<\/tbody>\n<\/table>\n<p>&nbsp;<\/p>\n<p>&#8211; \u00c2ncora tipo parafuso: produzida em liga de tit\u00e2nio (Ti-6Al-4V), com rosca externa e conex\u00e3o hexagonal com orif\u00edcio para passagem dos fios de sutura;<\/p>\n<p>&#8211; Fios de sutura sem agulha: um branco e outro tran\u00e7ado branco\/ azul, sem agulha, para o modelo \u201c\u00c2ncora com Aplicador Descart\u00e1vel\u201d;<\/p>\n<p>&#8211; Aplicador descart\u00e1vel: composto por uma haste em a\u00e7o inoxid\u00e1vel (AISI 304) e cabo injetado de polipropileno (PP);<\/p>\n<p>Material Est\u00e9ril: \u00d3xido de Etileno<br \/>\nPrazo de Validade: 05 anos (ap\u00f3s a data da esteriliza\u00e7\u00e3o)<br \/>\nForma de Embalagem: Unit\u00e1rio (Duplo Blister)<\/p>\n","protected":false},"excerpt":{"rendered":"<p>Indicado para reconstru\u00e7\u00f5es anat\u00f4micas localizadas que envolvam a fixa\u00e7\u00e3o de tecidos moles de natureza variada \u00e0s estruturas \u00f3sseas, atrav\u00e9s de procedimentos cir\u00fargicos convencionais ou minimamente invasivos.<br \/>\n&#8211; Assegura ancoragem r\u00e1pida e eficiente;<br \/>\n&#8211; Fixa\u00e7\u00e3o intra\u00f3ssea e r\u00edgida, proporcionada pela inser\u00e7\u00e3o da \u00e2ncora atrav\u00e9s de aparafusamento nas estruturas \u00f3sseas.<\/p>\n","protected":false},"featured_media":9693,"template":"","meta":{"_acf_changed":false},"product_brand":[],"product_cat":[131,80,91],"product_tag":[],"class_list":{"0":"post-10107","1":"product","2":"type-product","3":"status-publish","4":"has-post-thumbnail","6":"product_cat-ancora-com-aplicador-descartavel","7":"product_cat-ancoras","8":"product_cat-medicina-esportiva","10":"first","11":"instock","12":"shipping-taxable","13":"purchasable","14":"product-type-variable"},"acf":[],"_links":{"self":[{"href":"https:\/\/vincula.com.br\/loja\/wp-json\/wp\/v2\/product\/10107","targetHints":{"allow":["GET"]}}],"collection":[{"href":"https:\/\/vincula.com.br\/loja\/wp-json\/wp\/v2\/product"}],"about":[{"href":"https:\/\/vincula.com.br\/loja\/wp-json\/wp\/v2\/types\/product"}],"version-history":[{"count":12,"href":"https:\/\/vincula.com.br\/loja\/wp-json\/wp\/v2\/product\/10107\/revisions"}],"predecessor-version":[{"id":11221,"href":"https:\/\/vincula.com.br\/loja\/wp-json\/wp\/v2\/product\/10107\/revisions\/11221"}],"wp:featuredmedia":[{"embeddable":true,"href":"https:\/\/vincula.com.br\/loja\/wp-json\/wp\/v2\/media\/9693"}],"wp:attachment":[{"href":"https:\/\/vincula.com.br\/loja\/wp-json\/wp\/v2\/media?parent=10107"}],"wp:term":[{"taxonomy":"product_brand","embeddable":true,"href":"https:\/\/vincula.com.br\/loja\/wp-json\/wp\/v2\/product_brand?post=10107"},{"taxonomy":"product_cat","embeddable":true,"href":"https:\/\/vincula.com.br\/loja\/wp-json\/wp\/v2\/product_cat?post=10107"},{"taxonomy":"product_tag","embeddable":true,"href":"https:\/\/vincula.com.br\/loja\/wp-json\/wp\/v2\/product_tag?post=10107"}],"curies":[{"name":"wp","href":"https:\/\/api.w.org\/{rel}","templated":true}]}}