{"id":10426,"date":"2022-10-31T09:15:10","date_gmt":"2022-10-31T12:15:10","guid":{"rendered":"https:\/\/vincula.com.br\/loja\/?page_id=10426"},"modified":"2022-11-25T08:29:08","modified_gmt":"2022-11-25T11:29:08","slug":"missao-visao-e-valores","status":"publish","type":"page","link":"https:\/\/vincula.com.br\/loja\/missao-visao-e-valores\/","title":{"rendered":"Miss\u00e3o, vis\u00e3o e valores"},"content":{"rendered":"\t\t<div data-elementor-type=\"wp-page\" data-elementor-id=\"10426\" class=\"elementor elementor-10426\" data-elementor-post-type=\"page\">\n\t\t\t\t\t\t<section class=\"elementor-section elementor-top-section elementor-element elementor-element-5ecff8c8 elementor-section-boxed elementor-section-height-default elementor-section-height-default wd-section-disabled\" data-id=\"5ecff8c8\" data-element_type=\"section\" data-e-type=\"section\">\n\t\t\t\t\t\t<div class=\"elementor-container elementor-column-gap-default\">\n\t\t\t\t\t<div class=\"elementor-column elementor-col-100 elementor-top-column elementor-element elementor-element-21b2ca60\" data-id=\"21b2ca60\" data-element_type=\"column\" data-e-type=\"column\">\n\t\t\t<div class=\"elementor-widget-wrap elementor-element-populated\">\n\t\t\t\t\t\t<div class=\"elementor-element elementor-element-b8e1c04 elementor-widget elementor-widget-image\" data-id=\"b8e1c04\" data-element_type=\"widget\" data-e-type=\"widget\" data-widget_type=\"image.default\">\n\t\t\t\t<div class=\"elementor-widget-container\">\n\t\t\t\t\t\t\t\t\t\t\t\t\t\t\t<img fetchpriority=\"high\" decoding=\"async\" width=\"1012\" height=\"506\" src=\"https:\/\/vincula.com.br\/loja\/wp-content\/uploads\/2022\/10\/fachada_vincula.jpg\" class=\"attachment-full size-full wp-image-10428\" alt=\"\" srcset=\"https:\/\/vincula.com.br\/loja\/wp-content\/uploads\/2022\/10\/fachada_vincula.jpg 1012w, https:\/\/vincula.com.br\/loja\/wp-content\/uploads\/2022\/10\/fachada_vincula-430x215.jpg 430w, https:\/\/vincula.com.br\/loja\/wp-content\/uploads\/2022\/10\/fachada_vincula-150x75.jpg 150w, https:\/\/vincula.com.br\/loja\/wp-content\/uploads\/2022\/10\/fachada_vincula-700x350.jpg 700w, https:\/\/vincula.com.br\/loja\/wp-content\/uploads\/2022\/10\/fachada_vincula-400x200.jpg 400w, https:\/\/vincula.com.br\/loja\/wp-content\/uploads\/2022\/10\/fachada_vincula-768x384.jpg 768w, https:\/\/vincula.com.br\/loja\/wp-content\/uploads\/2022\/10\/fachada_vincula-860x430.jpg 860w\" sizes=\"(max-width: 1012px) 100vw, 1012px\" \/>\t\t\t\t\t\t\t\t\t\t\t\t\t\t\t<\/div>\n\t\t\t\t<\/div>\n\t\t\t\t<div class=\"elementor-element elementor-element-e3de088 text-center color-scheme-inherit elementor-widget elementor-widget-text-editor\" data-id=\"e3de088\" data-element_type=\"widget\" data-e-type=\"widget\" data-widget_type=\"text-editor.default\">\n\t\t\t\t<div class=\"elementor-widget-container\">\n\t\t\t\t\t\t\t\t\t<div class=\"heading color-dark size-md text-center \"><div class=\"line-double\"><h2>MISS\u00c3O<\/h2><\/div><p>Somos uma multinacional brasileira comprometida em promover o bem estar do individuo atrav\u00e9s de solu\u00e7\u00f5es em dispositivos m\u00e9dicos acess\u00edveis e com padr\u00e3o internacional de qualidade.<\/p><\/div><div class=\"vc_empty_space\">\u00a0<\/div><div class=\"heading color-dark size-md text-center \"><div class=\"line-double\"><h2>\u00a0<\/h2><h2>VIS\u00c3O \/ NORTE VERDADEIRO<\/h2><\/div><p>Ser a melhor escolha na Am\u00e9rica Latina em solu\u00e7\u00f5es de ortopedia, coluna, trauma e maxilofacial, com o melhor custo-beneficio para os mercados value (standard) e alto valor agregado para o mercado premium (customizadas), comprometida com nossos valores.<\/p><\/div><div class=\"vc_empty_space\">\u00a0<\/div><div class=\"heading color-dark size-md text-center \"><div class=\"line-double\"><h2>\u00a0<\/h2><h2>VALORES<\/h2><\/div><p>&#8211; O comprometimento \u00e9 o v\u00ednculo que o mercado de dispositivos m\u00e9dicos precisa;<br \/>&#8211; A \u00e9tica e a transpar\u00eancia devem nortear todas as nossas atitudes;<br \/>&#8211; Reconhecemos nossos profissionais;<br \/>&#8211; Acreditamos na melhoria cont\u00ednua e, com isso, buscamos excel\u00eancia empresarial e melhor presta\u00e7\u00e3o de servi\u00e7o para os nossos clientes;<br \/>&#8211; Nossas a\u00e7\u00f5es devem sempre visar \u00e0 qualidade de vida dos pacientes.<\/p><\/div>\t\t\t\t\t\t\t\t<\/div>\n\t\t\t\t<\/div>\n\t\t\t\t\t<\/div>\n\t\t<\/div>\n\t\t\t\t\t<\/div>\n\t\t<\/section>\n\t\t\t\t<section class=\"elementor-section elementor-top-section elementor-element elementor-element-538e03e elementor-section-boxed elementor-section-height-default elementor-section-height-default wd-section-disabled\" data-id=\"538e03e\" data-element_type=\"section\" data-e-type=\"section\">\n\t\t\t\t\t\t<div class=\"elementor-container elementor-column-gap-default\">\n\t\t\t\t\t<div class=\"elementor-column elementor-col-100 elementor-top-column elementor-element elementor-element-7653d61\" data-id=\"7653d61\" data-element_type=\"column\" data-e-type=\"column\">\n\t\t\t<div class=\"elementor-widget-wrap\">\n\t\t\t\t\t\t\t<\/div>\n\t\t<\/div>\n\t\t\t\t\t<\/div>\n\t\t<\/section>\n\t\t\t\t<\/div>\n\t\t","protected":false},"excerpt":{"rendered":"<p>MISS\u00c3O Somos uma multinacional brasileira comprometida em promover o bem estar do individuo atrav\u00e9s de solu\u00e7\u00f5es em dispositivos m\u00e9dicos acess\u00edveis<\/p>\n","protected":false},"author":2,"featured_media":0,"parent":0,"menu_order":0,"comment_status":"closed","ping_status":"closed","template":"elementor_theme","meta":{"_acf_changed":false,"footnotes":""},"class_list":["post-10426","page","type-page","status-publish","hentry"],"acf":[],"_links":{"self":[{"href":"https:\/\/vincula.com.br\/loja\/wp-json\/wp\/v2\/pages\/10426","targetHints":{"allow":["GET"]}}],"collection":[{"href":"https:\/\/vincula.com.br\/loja\/wp-json\/wp\/v2\/pages"}],"about":[{"href":"https:\/\/vincula.com.br\/loja\/wp-json\/wp\/v2\/types\/page"}],"author":[{"embeddable":true,"href":"https:\/\/vincula.com.br\/loja\/wp-json\/wp\/v2\/users\/2"}],"replies":[{"embeddable":true,"href":"https:\/\/vincula.com.br\/loja\/wp-json\/wp\/v2\/comments?post=10426"}],"version-history":[{"count":14,"href":"https:\/\/vincula.com.br\/loja\/wp-json\/wp\/v2\/pages\/10426\/revisions"}],"predecessor-version":[{"id":11115,"href":"https:\/\/vincula.com.br\/loja\/wp-json\/wp\/v2\/pages\/10426\/revisions\/11115"}],"wp:attachment":[{"href":"https:\/\/vincula.com.br\/loja\/wp-json\/wp\/v2\/media?parent=10426"}],"curies":[{"name":"wp","href":"https:\/\/api.w.org\/{rel}","templated":true}]}}